{"id":301,"date":"2017-06-09T07:52:41","date_gmt":"2017-06-09T07:52:41","guid":{"rendered":"https:\/\/victorthemes.com\/themes\/roof\/?page_id=301"},"modified":"2022-10-10T18:42:55","modified_gmt":"2022-10-10T11:42:55","slug":"gioi-thieu","status":"publish","type":"page","link":"https:\/\/maycaolongheo.com\/?page_id=301","title":{"rendered":"Gi\u1edbi Thi\u1ec7u"},"content":{"rendered":"<p>[vc_row][vc_column][vc_column_text css_animation=&#8221;fadeInUp&#8221;]<\/p>\n<div class=\"title\">\n<h4><span style=\"font-family: helvetica;\">GI\u1edaI THI\u1ec6U<\/span><\/h4>\n<\/div>\n<div class=\"\">\n<div class=\"noidung\">\n<p><span style=\"font-family: helvetica;\"><strong>T\u1ef0 CH\u1ee6 C\u00d4NG NGH\u1ec6 V\u00c0 S\u1ea2N XU\u1ea4T \u0110\u1ec2 THO\u00c1T KH\u1eceI S\u1ef0 L\u1ec6 THU\u1ed8C N\u01af\u1edaC NGO\u00c0I<\/strong><\/span><\/p>\n<p><span style=\"font-family: helvetica;\"><strong>1.\u00a0 \u00a0<u>\u0110\u1ed9ng l\u1ef1c v\u00e0 th\u00e0nh t\u1ef1u<\/u><\/strong><\/span><\/p>\n<p><span style=\"font-family: helvetica;\">Vi\u1ec7t Nam \u0111ang t\u1eebng b\u01b0\u1edbc h\u1ed9i nh\u1eadp chu\u1ed7i s\u1ea3n xu\u1ea5t c\u1ee7a Th\u1ebf Gi\u1edbi trong b\u1ed1i c\u1ea3nh ho\u00e0n to\u00e0n thu\u1eadn l\u1ee3i nh\u01b0ng \u0111\u1ea7y th\u00e1ch th\u1ee9c. Ng\u00e0nh n\u00f4ng nghi\u1ec7p \u0111\u00e3 \u0111\u01b0\u1ee3c Ch\u00ednh Ph\u1ee7 \u0111\u00e1nh gi\u00e1\u00a0 l\u00e0 ti\u1ec1m n\u0103ng \u0111\u1ea7y tri\u1ec3n v\u1ecdng m\u00e0 trong \u0111\u00f3 ch\u0103n nu\u00f4i v\u00e0 s\u1ea3n xu\u1ea5t\u00a0 th\u1ecbt th\u01b0\u01a1ng ph\u1ea9m \u0111\u01b0\u1ee3c xem l\u00e0 m\u0169i nh\u1ecdn cho th\u1ecb tr\u01b0\u1eddng n\u1ed9i \u0111\u1ecba, \u0111\u1eb7c bi\u1ec7t l\u00e0 xu\u1ea5t kh\u1ea9u.<\/span><\/p>\n<p><span style=\"font-family: helvetica;\">Nh\u1eadn th\u1ee9c \u0111\u01b0\u1ee3c t\u1ea7m quan tr\u1ecdng c\u1ee7a chu\u1ed7i s\u1ea3n xu\u1ea5t mang t\u00ednh c\u00f4ng nghi\u1ec7p hi\u1ec7n \u0111\u1ea1i c\u1ee7a ng\u00e0nh gi\u1ebft m\u1ed5. C\u00f4ng ty C\u1ed5 ph\u1ea7n C\u01a1 Kh\u00ed Ch\u1ebf T\u1ea1o CP \u0111\u00e3 tri\u1ec3n khai k\u1ebf ho\u1ea1ch nghi\u00ean c\u1ee9u c\u00e1c c\u00f4ng ngh\u1ec7 gi\u1ebft m\u1ed5 c\u00f4ng nghi\u1ec7p c\u1ee7a c\u00e1c n\u01b0\u1edbc v\u00e0 ch\u00ednh th\u1ee9c t\u1ef1 s\u1ea3n xu\u1ea5t m\u00e1y \u0111\u00e1nh l\u00f4ng heo, thi\u1ebft b\u1ecb n\u00e2ng h\u1ea1, h\u1ec7 th\u1ed1ng d\u00e2y chuy\u1ec1n treo t\u1ef1 \u0111\u1ed9ng v\u00e0 b\u00e1n t\u1ef1 \u0111\u1ed9ng c\u00f3 c\u00f4ng su\u1ea5t v\u00e0 hi\u1ec7u n\u0103ng t\u01b0\u01a1ng \u0111\u01b0\u01a1ng c\u00e1c m\u00e1y m\u00f3c, trang thi\u1ebft b\u1ecb nh\u1eadp kh\u1ea9u.<\/span><\/p>\n<p><span style=\"font-family: helvetica;\">Qu\u00e1 tr\u00ecnh s\u1ea3n xu\u1ea5t s\u1eed d\u1ee5ng v\u1eadt t\u01b0 n\u1ed9i \u0111\u1ecba \u0111\u01b0\u1ee3c C\u00f4ng ty C\u1ed5 ph\u1ea7n C\u01a1 Kh\u00ed Ch\u1ebf T\u1ea1o CP \u00e1p d\u1ee5ng m\u1ecdi bi\u1ec7n ph\u00e1p k\u1ef9 thu\u1eadt t\u01b0\u01a1ng \u0111\u1ed3ng c\u00e1c n\u01b0\u1edbc nh\u01b0 trui cao t\u1ea7n \u0111\u1ea3m b\u1ea3o \u0111\u1ed9 c\u1ee9ng v\u00e0 ch\u1ed1ng m\u00e0i m\u00f2n. C\u00f4ng ngh\u1ec7 c\u1eaft g\u1ecdt kim lo\u1ea1i b\u1eb1ng m\u00e1y CNC (Computer Numerical Control) \u0111\u01b0\u1ee3c \u0111\u01b0a v\u00e0o s\u1ea3n xu\u1ea5t \u0111\u1ec3 s\u1ea3n ph\u1ea9m c\u00f3 \u0111\u1ed9 \u0111\u1ed3ng \u0111\u1ec1u v\u00e0 ch\u00ednh x\u00e1c cao. Nh\u1ef1a g\u1ed1c POM (Poly Oxy Methylene) c\u0169ng \u0111\u01b0\u1ee3c \u1ee9ng d\u1ee5ng tri\u1ec7t \u0111\u1ec3 nh\u1eb1m gi\u1ea3m ti\u1ebfng \u1ed3n do ma s\u00e1t c\u0169ng nh\u01b0 t\u0103ng \u0111\u1ed9 b\u1ec1n cho thi\u1ebft b\u1ecb.<\/span><\/p>\n<p><span style=\"font-family: helvetica;\"><strong>2.\u00a0 \u00a0\u00a0<u>\u0110\u00e1nh gi\u00e1 v\u00e0 nh\u1eadn x\u00e9t c\u1ee7a Kh\u00e1ch h\u00e0ng<\/u><\/strong><\/span><\/p>\n<p><span style=\"font-family: helvetica;\">C\u00f9ng chung quan \u0111i\u1ec3m t\u1ef1 ch\u1ee7 v\u1ec1 c\u00f4ng ngh\u1ec7 v\u00e0 ph\u00e1t tri\u1ec3n n\u1ed9i sinh, c\u00e1c Kh\u00e1ch h\u00e0ng \u0111\u00e3 v\u00e0 \u0111ang s\u1eed du\u0323ng s\u1ea3n ph\u1ea9m c\u1ee7a C\u00f4ng ty C\u1ed5 ph\u1ea7n C\u01a1 Kh\u00ed Ch\u1ebf T\u1ea1o CP \u0111\u1ec1u c\u00f3 \u0111\u00e1nh gi\u00e1 v\u1ec1 s\u1ea3n ph\u1ea9m nh\u01b0 sau:<\/span><\/p>\n<p>&nbsp;<\/p>\n<table border=\"1\" cellspacing=\"1\" cellpadding=\"1\">\n<tbody>\n<tr>\n<td><span style=\"font-family: helvetica;\"><strong>STT<\/strong><\/span><\/td>\n<td><span style=\"font-family: helvetica;\"><strong>\u00a0M\u00c3\u00a0 S\u1ea2N PH\u1ea8M<\/strong><\/span><\/td>\n<td><span style=\"font-family: helvetica;\"><strong>\u00a0\u0110I\u1ec2M M\u1ea0NH<\/strong><\/span><\/td>\n<td><span style=\"font-family: helvetica;\"><strong>\u00a0\u0110I\u1ec2M Y\u1ebeU<\/strong><\/span><\/td>\n<td><span style=\"font-family: helvetica;\"><strong>\u00a0NH\u1eacN X\u00c9T CHUNG<\/strong><\/span><\/td>\n<\/tr>\n<tr>\n<td><span style=\"font-family: helvetica;\">1<\/span><\/td>\n<td><span style=\"font-family: helvetica;\">M\u00e1y \u0111\u00e1nh l\u00f4ng<\/span><\/td>\n<td><span style=\"font-family: helvetica;\">&#8211; C\u00f4ng su\u1ea5t v\u00e0 t\u00ednh n\u0103ng t\u01b0\u01a1ng \u0111\u01b0\u01a1ng h\u00e0ng ngo\u1ea1i nh\u1eadp<\/span><\/p>\n<p><span style=\"font-family: helvetica;\">&#8211; \u0110\u00e1nh s\u1ea1ch l\u00f4ng, kh\u00f4ng b\u1ea7m d\u1eadp va\u0300 kh\u00f4ng g\u00e2y nh\u1edbt da.<\/span><\/p>\n<p><span style=\"font-family: helvetica;\">&#8211; Bi\u00ean \u0111\u1ed9 tr\u1ecdng l\u01b0\u1ee3ng heo h\u01a1i cho ph\u00e9p kh\u00e1 l\u1edbn.<\/span><\/td>\n<td><span style=\"font-family: helvetica;\">&#8211; H\u00ecnh th\u1ee9c kh\u00f4ng tinh x\u1ea3o b\u1eb1ng h\u00e0ng ngo\u1ea1i nh\u1eadp<\/span><\/td>\n<td>&nbsp;<\/p>\n<p><span style=\"font-family: helvetica;\">&#8211; Ch\u1ea5p nh\u1eadn \u0111\u01b0\u1ee3c<\/span><\/p>\n<p>&nbsp;<\/td>\n<\/tr>\n<tr>\n<td><span style=\"font-family: helvetica;\">2<\/span><\/td>\n<td><span style=\"font-family: helvetica;\">H\u1ec7 th\u1ed1ng \u00a0d\u00e2y chuy\u1ec1n treo ray \u0111\u00f4i<\/span><\/td>\n<td><span style=\"font-family: helvetica;\">&#8211; Thi\u1ebft k\u1ebf theo \u0111\u1ecba h\u00ecnh th\u1ef1c t\u1ebf.<\/span><\/p>\n<p><span style=\"font-family: helvetica;\">&#8211; K\u1ebft c\u1ea5u ch\u1eafc ch\u1eafn.<\/span><\/p>\n<p><span style=\"font-family: helvetica;\">&#8211; An to\u00e0n tuy\u1ec7t \u0111\u1ed1i\u00a0khi k\u00e9o, \u0111\u1ea9y heo m\u1ea3nh hay th\u1ecbt th\u00e0nh ph\u1ea9m.<\/span><\/td>\n<td>&nbsp;<\/p>\n<p><span style=\"font-family: helvetica;\">&#8211; H\u01a1i \u1ed3n v\u00e0o \u0111\u00eam khuya.<\/span><\/td>\n<td><span style=\"font-family: helvetica;\">&#8211; Ph\u00f9 h\u1ee3p th\u1ef1c t\u1ebf.<\/span><\/p>\n<p><span style=\"font-family: helvetica;\">&#8211; Kh\u1eafc ph\u1ee5c \u0111\u01b0\u1ee3c b\u1eb1ng c\u00e1ch \u00e2m nh\u00e0 x\u01b0\u1edfng.<\/span><\/p>\n<p><span style=\"font-family: helvetica;\">&#8211; Kh\u00e1c bi\u1ec7t v\u1edbi d\u00e2y chuy\u1ec1n \u1ed1ng n\u01b0\u1edbc kh\u00f4ng an to\u00e0n.<\/span><\/td>\n<\/tr>\n<tr>\n<td><span style=\"font-family: helvetica;\">3<\/span><\/td>\n<td>&nbsp;<\/p>\n<p><span style=\"font-family: helvetica;\">Con l\u0103n v\u00e0 m\u00f3c treo<\/span><\/p>\n<p>&nbsp;<\/td>\n<td><span style=\"font-family: helvetica;\">&#8211; C\u1ea5u t\u1ea1o th\u00e9p kh\u00f4ng g\u1ec9 v\u00e0 s\u1eed d\u1ee5ng b\u1ea1c \u0111\u1ea1n k\u00edn n\u01b0\u1edbc n\u00ean kh\u00f4ng hao t\u1ed1n s\u1ee9c lao \u0111\u1ed9ng v\u00e0 an to\u00e0n v\u1ec7 sinh th\u1ef1c ph\u1ea9m.<\/span><\/p>\n<p><span style=\"font-family: helvetica;\">&#8211; Tr\u1ecdng l\u01b0\u1ee3ng \u0111\u1ed3ng \u0111\u1ec1u.<\/span><\/td>\n<td><\/td>\n<td><span style=\"font-family: helvetica;\">&#8211; R\u1ea5t t\u1ed1t<\/span><\/td>\n<\/tr>\n<tr>\n<td><span style=\"font-family: helvetica;\">4<\/span><\/td>\n<td><span style=\"font-family: helvetica;\">B\u1ed9 ph\u1eadn chuy\u1ec3n h\u01b0\u1edbng con l\u0103n v\u00e0 m\u00f3c \u0111a chi\u1ec1u tr\u00ean d\u00e2y chuy\u1ec1n<\/span><\/td>\n<td><span style=\"font-family: helvetica;\">&#8211; C\u1ea5u t\u1ea1o \u0111\u01a1n gi\u1ea3n nh\u01b0ng hi\u1ec7u qu\u1ea3.<\/span><\/td>\n<td><\/td>\n<td><span style=\"font-family: helvetica;\">&#8211; R\u1ea5t t\u1ed1t<\/span><\/td>\n<\/tr>\n<tr>\n<td><span style=\"font-family: helvetica;\">5<\/span><\/td>\n<td>&nbsp;<\/p>\n<p><span style=\"font-family: helvetica;\">H\u1ec7 th\u1ed1ng n\u00e2ng h\u1ea1<\/span><\/p>\n<p>&nbsp;<\/p>\n<p>&nbsp;<\/td>\n<td><span style=\"font-family: helvetica;\">&#8211; Kh\u00f4ng ph\u00ed s\u1ee9c l\u1ef1c ng\u01b0\u1eddi lao \u0111\u1ed9ng, t\u0103ng n\u0103ng su\u1ea5t.<\/span><\/td>\n<td><\/td>\n<td><span style=\"font-family: helvetica;\">&#8211; R\u1ea5t t\u1ed1t<\/span><\/td>\n<\/tr>\n<tr>\n<td><span style=\"font-family: helvetica;\">6<\/span><\/td>\n<td><span style=\"font-family: helvetica;\">C\u00e2n \u0111i\u1ec7n t\u1eed k\u00e9p (2 Cell load) v\u1edbi m\u00e0n h\u00ecnh hi\u1ec3n th\u1ecb \u0111\u00e8n LED l\u1edbn<\/span><\/td>\n<td><span style=\"font-family: helvetica;\">&#8211; Ch\u00ednh x\u00e1c, minh b\u1ea1ch v\u1edbi Kh\u00e1ch h\u00e0ng khi b\u00e1n m\u1ea3nh.<\/span><\/p>\n<p><span style=\"font-family: helvetica;\">&#8211;\u00a0Ki\u1ec3m so\u00e1t t\u1ed1t \u0111\u1ea7u v\u00e0o c\u1ee7a h\u00e0ng h\u00f3a.<\/span><\/td>\n<td><\/td>\n<td><span style=\"font-family: helvetica;\">&#8211; R\u1ea5t t\u1ed1t<\/span><\/td>\n<\/tr>\n<\/tbody>\n<\/table>\n<p>&nbsp;<\/p>\n<p align=\"left\"><span style=\"font-family: helvetica;\">\u00a0 \u00a0 \u00a0 \u00a0 \u00a0 \u00a0 \u00a0 \u00a0 \u00a0 \u00a0 \u00a0 \u00a0 \u00a0 \u00a0 \u00a0 \u00a0 \u00a0 \u00a0 \u00a0 \u00a0 \u00a0 \u00a0 \u00a0 \u00a0 \u00a0 \u00a0 \u00a0 \u00a0 \u00a0 \u00a0<img loading=\"lazy\" decoding=\"async\" src=\"https:\/\/cokhihunglong.vn\/upload\/images\/May%20danh%20long.jpg\" alt=\"D\u00e2y chuy\u1ec1n gi\u1ebft m\u1ed5 heo l\u01a1\u0323n\" width=\"350\" height=\"276\" \/>\u00a0 \u00a0 \u00a0 \u00a0 \u00a0 \u00a0 \u00a0 \u00a0 \u00a0 \u00a0 \u00a0\u00a0<img loading=\"lazy\" decoding=\"async\" src=\"https:\/\/cokhihunglong.vn\/upload\/images\/1.jpg\" alt=\"D\u00e2y chuy\u1ec1n gi\u1ebft m\u1ed5 heo l\u01a1\u0323n\" width=\"368\" height=\"274\" \/><\/span><\/p>\n<p><span style=\"font-family: helvetica;\"><strong>\u00a0 \u00a0 M\u00e1y \u0111\u00e1nh l\u00f4ng heo c\u00f4ng su\u1ea5t 100 con\/gi\u1edd, D\u00e2y chuy\u1ec1n treo thanh \u0111\u00f4i inox 304\u00a0<\/strong><strong>do C\u00f4ng ty C\u1ed5 ph\u1ea7n C\u01a1 Kh\u00ed Ch\u1ebf T\u1ea1o CP s\u1ea3n xu\u1ea5t<\/strong><\/span><\/p>\n<p>&nbsp;<\/p>\n<p align=\"left\"><span style=\"font-family: helvetica;\">\u00a0 \u00a0 \u00a0 \u00a0 \u00a0 \u00a0 \u00a0 \u00a0 \u00a0 \u00a0 \u00a0 \u00a0 \u00a0 \u00a0 \u00a0 \u00a0 \u00a0 \u00a0 \u00a0 \u00a0 \u00a0 \u00a0 \u00a0 \u00a0 \u00a0 \u00a0 \u00a0 \u00a0 \u00a0 \u00a0 \u00a0<strong><em><img loading=\"lazy\" decoding=\"async\" src=\"https:\/\/cokhihunglong.vn\/upload\/images\/6de4d7daaf7948271168.jpg\" alt=\"D\u00e2y chuy\u1ec1n gi\u1ebft m\u1ed5 heo l\u01a1\u0323n\" width=\"781\" height=\"585\" \/><\/em><\/strong><\/span><\/p>\n<p><span style=\"font-family: helvetica;\"><strong>\u00a0 \u00a0 \u00a0H\u1ec7 th\u1ed1ng n\u00e2ng heo m\u1ea3nh \u0111\u1ed3ng b\u1ed9 v\u00e0 v\u1eadn h\u00e0nh li\u00ean t\u1ee5c do C\u00f4ng ty C\u1ed5 ph\u1ea7n C\u01a1 Kh\u00ed Ch\u1ebf T\u1ea1o CP s\u1ea3n xu\u1ea5t<\/strong><\/span><\/p>\n<p align=\"left\"><span style=\"font-family: helvetica;\">\u00a0 \u00a0 \u00a0 \u00a0 \u00a0 \u00a0 \u00a0 \u00a0 \u00a0 \u00a0 \u00a0 \u00a0 \u00a0 \u00a0 \u00a0 \u00a0 \u00a0 \u00a0 \u00a0 \u00a0 \u00a0 \u00a0 \u00a0 \u00a0 \u00a0 \u00a0 \u00a0 \u00a0 \u00a0 \u00a0 \u00a0<img loading=\"lazy\" decoding=\"async\" src=\"https:\/\/cokhihunglong.vn\/upload\/images\/2(1).jpg\" alt=\"D\u00e2y chuy\u1ec1n gi\u1ebft m\u1ed5 heo l\u01a1\u0323n\" width=\"784\" height=\"477\" \/><\/span><\/p>\n<p><span style=\"font-family: helvetica;\"><strong>\u00a0 \u00a0 \u00a0 \u00a0 \u00a0 \u00a0\u00a0Con l\u0103n v\u00e0 m\u00f3c treo inox (th\u00e9p kh\u00f4ng g\u1ec9) tr\u00ean h\u1ec7 th\u1ed1ng d\u00e2y chuy\u1ec1n treo<\/strong><\/span><\/p>\n<p align=\"left\"><span style=\"font-family: helvetica;\">\u00a0 \u00a0 \u00a0 \u00a0 \u00a0 \u00a0 \u00a0 \u00a0 \u00a0 \u00a0 \u00a0 \u00a0 \u00a0 \u00a0 \u00a0 \u00a0 \u00a0 \u00a0 \u00a0 \u00a0 \u00a0 \u00a0 \u00a0 \u00a0 \u00a0 \u00a0 \u00a0 \u00a0 \u00a0 \u00a0 \u00a0<strong><img loading=\"lazy\" decoding=\"async\" src=\"https:\/\/cokhihunglong.vn\/upload\/images\/3(1).jpg\" alt=\"D\u00e2y chuy\u1ec1n gi\u1ebft m\u1ed5 heo l\u01a1\u0323n\" width=\"785\" height=\"432\" \/><\/strong><\/span><\/p>\n<p><span style=\"font-family: helvetica;\"><strong><em>\u00a0 \u00a0 \u00a0 \u00a0 \u00a0 \u00a0<\/em>Chuy\u1ec3n h\u01b0\u1edbng \u0111a chi\u1ec1u tr\u00ean \u0111\u01b0\u1eddng ray inox (th\u00e9p kh\u00f4ng g\u1ec9)<\/strong><\/span><\/p>\n<p align=\"left\"><span style=\"font-family: helvetica;\"><strong><em>\u00a0 \u00a0 \u00a0 \u00a0 \u00a0 \u00a0 \u00a0 \u00a0 \u00a0 \u00a0 \u00a0 \u00a0 \u00a0 \u00a0 \u00a0 \u00a0 \u00a0 \u00a0 \u00a0 \u00a0 \u00a0 \u00a0 \u00a0 \u00a0 \u00a0 \u00a0 \u00a0 \u00a0 \u00a0 \u00a0\u00a0<\/em><\/strong>\u00a0<img loading=\"lazy\" decoding=\"async\" src=\"https:\/\/cokhihunglong.vn\/upload\/images\/4(1).jpg\" alt=\"D\u00e2y chuy\u1ec1n gi\u1ebft m\u1ed5 heo l\u01a1\u0323n\" width=\"786\" height=\"381\" \/><\/span><\/p>\n<p><span style=\"font-family: helvetica;\"><strong>\u00a0 \u00a0 \u00a0 \u00a0 \u00a0 \u00a0 \u00a0 \u00a0 \u00a0 \u00a0C\u00e2n \u0111i\u1ec7n t\u1eed c\u00f3 \u0111\u1ed9 nh\u1ea1y v\u00e0 ch\u00ednh x\u00e1c cao.<\/strong><\/span><\/p>\n<p><span style=\"font-family: helvetica;\"><strong>\u00a0 \u00a0 \u00a0 \u00a0 \u00a0 \u00a0\u00a0H\u1ed9p \u0111i\u1ec1u khi\u1ec3n v\u00e0 m\u00e0n h\u00ecnh \u0111i\u1ec7n t\u1eed LED k\u00edch th\u01b0\u1edbc l\u1edbn<\/strong><\/span><\/p>\n<p align=\"left\"><span style=\"font-family: helvetica;\">\u00a0 \u00a0 \u00a0 \u00a0 \u00a0 \u00a0 \u00a0 \u00a0 \u00a0 \u00a0 \u00a0 \u00a0 \u00a0 \u00a0 \u00a0 \u00a0 \u00a0 \u00a0 \u00a0 \u00a0 \u00a0 \u00a0 \u00a0 \u00a0 \u00a0 \u00a0 \u00a0 \u00a0 \u00a0 \u00a0 \u00a0\u00a0<img loading=\"lazy\" decoding=\"async\" src=\"https:\/\/cokhihunglong.vn\/upload\/images\/%E5%87%BA%E7%89%88%E7%89%A91(4).jpg\" alt=\"D\u00e2y chuy\u1ec1n gi\u1ebft m\u1ed5 heo l\u01a1\u0323n\" width=\"778\" height=\"399\" \/><\/span><\/p>\n<p><span style=\"font-family: helvetica;\"><strong>Thi\u1ebft k\u1ebf v\u00e0 trang b\u1ecb ph\u00f2ng pha l\u00f3c ti\u00eau chu\u1ea9n xu\u1ea5t kh\u1ea9u<\/strong><\/span><\/p>\n<p>&nbsp;<\/p>\n<p><span style=\"font-family: helvetica;\"><strong>3.\u00a0 \u00a0<u>Ni\u1ec1m t\u1ef1 h\u00e0o v\u00e0 \u00fd ngh\u0129a ch\u00ednh tr\u1ecb<\/u><\/strong><\/span><\/p>\n<p><span style=\"font-family: helvetica;\">Th\u00e0nh qu\u1ea3 lao \u0111\u1ed9ng v\u00e0 nghi\u00ean c\u1ee9u c\u1ee7a t\u1eadp th\u1ec3 c\u00f4ng nh\u00e2n vi\u00ean <strong>C\u00f4ng ty C\u1ed5 ph\u1ea7n C\u01a1 Kh\u00ed Ch\u1ebf T\u1ea1o CP<\/strong> \u0111\u01b0\u1ee3c Kh\u00e1ch h\u00e0ng \u0111\u1ed9ng vi\u00ean l\u00e0 1 ni\u1ec1m t\u1ef1 h\u00e0o cho ng\u00e0nh c\u01a1 kh\u00ed n\u00f4ng nghi\u1ec7p n\u00f3i ri\u00eang, v\u00e0 Vi\u1ec7t Nam n\u00f3i chung. \u0110\u1ed3ng th\u1eddi c\u0169ng kh\u1eb3ng \u0111\u1ecbnh t\u01b0 duy chi\u1ebfn l\u01b0\u1ee3c th\u00fac \u0111\u1ea9y ph\u00e1t tri\u1ec3n c\u00f4ng nghi\u1ec7p h\u00f3a, hi\u1ec7n \u0111\u1ea1i h\u00f3a \u0110\u1ea5t n\u01b0\u1edbc c\u1ee7a Ch\u00ednh ph\u1ee7 l\u00e0 ho\u00e0n to\u00e0n \u0111\u00fang \u0111\u1eafn.<\/span><\/p>\n<p><span style=\"font-family: helvetica;\"><strong>4.\u00a0 \u00a0<u>\u0110\u1ecbnh h\u01b0\u1edbng ph\u00e1t tri\u1ec3n c\u1ee7a C\u00f4ng Ty C\u1ed5 Ph\u1ea7n C\u01a1 Kh\u00ed Ch\u1ebf T\u1ea1o CP<\/u><\/strong><\/span><\/p>\n<p><span style=\"font-family: helvetica;\">C\u00f4ng ty C\u1ed5 ph\u1ea7n C\u01a1 Kh\u00ed Ch\u1ebf T\u1ea1o CP\u00a0 lu\u00f4n l\u1eafng nghe \u00fd ki\u1ebfn \u0111\u00f3ng g\u00f3p t\u1eeb Kh\u00e1ch h\u00e0ng v\u00e0 c\u00e1c \u0110\u1ed1i t\u00e1c \u0111\u1ec3 ho\u00e0n thi\u1ec7n m\u1ecdi s\u1ea3n ph\u1ea9m. V\u1edbi m\u1ee5c ti\u00eau tr\u01b0\u1edbc m\u1eaft l\u00e0 ph\u1ee5c v\u1ee5 th\u1ecb tr\u01b0\u1eddng ng\u00e0nh gia s\u00fac n\u1ed9i \u0111\u1ecba, v\u00e0 v\u01b0\u01a1n t\u1edbi xu\u1ea5t kh\u1ea9u m\u00e1y m\u00f3c thi\u1ebft b\u1ecb mang nh\u00e3n hi\u1ec7u Vi\u1ec7t Nam sang c\u00e1c n\u01b0\u1edbc l\u00e2n c\u1eadn trong khu v\u1ef1c c\u00f3 c\u00e1c \u0111i\u1ec3m t\u01b0\u01a1ng \u0111\u1ed3ng v\u1edbi Vi\u00eat Nam.<\/span><\/p>\n<p><span style=\"font-family: helvetica;\">Ca\u0301m \u01a1n Ba\u0323n \u0111a\u0303 xem trang Web: \u00a0<a href=\"https:\/\/cokhihunglong.vn\/\">https:\/\/maycaolongheo.com<\/a>\u00a0.\u00a0C\u1ea7n t\u01b0 v\u1ea5n th\u00eam c\u00e1c d\u1ecbch v\u1ee5, s\u1ea3n ph\u1ea9m vui l\u00f2ng li\u00ean h\u00ea\u0323 s\u00f4\u0301 <a href=\"http:\/\/maycaolongheo.com\/gioi-thieu\/#0\">0987389489<\/a>\u00a0ho\u0103\u0323c\u00a0<a href=\"http:\/\/maycaolongheo.com\/gioi-thieu\/#0\">0333229329<\/a><\/span><\/p>\n<p><span style=\"font-family: helvetica;\">Email:\u00a0<a href=\"http:\/\/vinajixie@gmail.com\/\">http:\/\/maycaolong489@gmail.com<\/a><\/span><\/p>\n<\/div>\n<\/div>\n<p>[\/vc_column_text][\/vc_column][\/vc_row]<\/p>\n","protected":false},"excerpt":{"rendered":"[vc_row][vc_column][vc_column_text css_animation=&#8221;fadeInUp&#8221;] GI\u1edaI THI\u1ec6U T\u1ef0 CH\u1ee6 C\u00d4NG NGH\u1ec6 V\u00c0 S\u1ea2N XU\u1ea4T \u0110\u1ec2 THO\u00c1T KH\u1eceI S\u1ef0 L\u1ec6 THU\u1ed8C N\u01af\u1edaC NGO\u00c0I 1.\u00a0 \u00a0\u0110\u1ed9ng l\u1ef1c v\u00e0 th\u00e0nh t\u1ef1u Vi\u1ec7t Nam \u0111ang t\u1eebng b\u01b0\u1edbc h\u1ed9i nh\u1eadp chu\u1ed7i s\u1ea3n xu\u1ea5t c\u1ee7a Th\u1ebf Gi\u1edbi trong b\u1ed1i c\u1ea3nh ho\u00e0n to\u00e0n thu\u1eadn l\u1ee3i nh\u01b0ng \u0111\u1ea7y th\u00e1ch th\u1ee9c. Ng\u00e0nh n\u00f4ng nghi\u1ec7p \u0111\u00e3 \u0111\u01b0\u1ee3c Ch\u00ednh[&#8230;]","protected":false},"author":1,"featured_media":0,"parent":0,"menu_order":0,"comment_status":"closed","ping_status":"closed","template":"","meta":{"footnotes":""},"class_list":["post-301","page","type-page","status-publish","hentry"],"_links":{"self":[{"href":"https:\/\/maycaolongheo.com\/index.php?rest_route=\/wp\/v2\/pages\/301","targetHints":{"allow":["GET"]}}],"collection":[{"href":"https:\/\/maycaolongheo.com\/index.php?rest_route=\/wp\/v2\/pages"}],"about":[{"href":"https:\/\/maycaolongheo.com\/index.php?rest_route=\/wp\/v2\/types\/page"}],"author":[{"embeddable":true,"href":"https:\/\/maycaolongheo.com\/index.php?rest_route=\/wp\/v2\/users\/1"}],"replies":[{"embeddable":true,"href":"https:\/\/maycaolongheo.com\/index.php?rest_route=%2Fwp%2Fv2%2Fcomments&post=301"}],"version-history":[{"count":15,"href":"https:\/\/maycaolongheo.com\/index.php?rest_route=\/wp\/v2\/pages\/301\/revisions"}],"predecessor-version":[{"id":2476,"href":"https:\/\/maycaolongheo.com\/index.php?rest_route=\/wp\/v2\/pages\/301\/revisions\/2476"}],"wp:attachment":[{"href":"https:\/\/maycaolongheo.com\/index.php?rest_route=%2Fwp%2Fv2%2Fmedia&parent=301"}],"curies":[{"name":"wp","href":"https:\/\/api.w.org\/{rel}","templated":true}]}}